{"id":1399,"date":"2025-09-11T14:49:18","date_gmt":"2025-09-11T14:49:18","guid":{"rendered":"https:\/\/gestioninter-service.trifali.app\/?page_id=1399"},"modified":"2025-09-12T13:03:09","modified_gmt":"2025-09-12T13:03:09","slug":"remise-a-neuf","status":"publish","type":"page","link":"https:\/\/gestioninter-service.com\/fr\/remise-a-neuf\/","title":{"rendered":"Services &#8211; Remise \u00e0 Neuf"},"content":{"rendered":"\t\t<div data-elementor-type=\"wp-page\" data-elementor-id=\"1399\" class=\"elementor elementor-1399\">\n\t\t\t\t\t\t<section class=\"elementor-section elementor-top-section elementor-element elementor-element-35775021 elementor-section-boxed elementor-section-height-default elementor-section-height-default\" data-id=\"35775021\" data-element_type=\"section\" data-settings=\"{&quot;background_background&quot;:&quot;classic&quot;}\">\n\t\t\t\t\t\t\t<div class=\"elementor-background-overlay\"><\/div>\n\t\t\t\t\t\t\t<div class=\"elementor-container elementor-column-gap-default\">\n\t\t\t\t\t<div class=\"elementor-column elementor-col-100 elementor-top-column elementor-element elementor-element-1361835e\" data-id=\"1361835e\" data-element_type=\"column\" data-settings=\"{&quot;background_background&quot;:&quot;classic&quot;}\">\n\t\t\t<div class=\"elementor-widget-wrap elementor-element-populated\">\n\t\t\t\t\t\t<section class=\"elementor-section elementor-inner-section elementor-element elementor-element-3497aed1 elementor-section-boxed elementor-section-height-default elementor-section-height-default\" data-id=\"3497aed1\" data-element_type=\"section\">\n\t\t\t\t\t\t<div class=\"elementor-container elementor-column-gap-default\">\n\t\t\t\t\t<div class=\"elementor-column elementor-col-50 elementor-inner-column elementor-element elementor-element-288cb7d\" data-id=\"288cb7d\" data-element_type=\"column\">\n\t\t\t<div class=\"elementor-widget-wrap elementor-element-populated\">\n\t\t\t\t\t\t<div class=\"elementor-element elementor-element-105d8acd elementor-widget elementor-widget-heading\" data-id=\"105d8acd\" data-element_type=\"widget\" data-widget_type=\"heading.default\">\n\t\t\t\t<div class=\"elementor-widget-container\">\n\t\t\t\t\t<h6 class=\"elementor-heading-title elementor-size-default\">Reconditionnement \/ Remise \u00e0 Neuf<\/h6>\t\t\t\t<\/div>\n\t\t\t\t<\/div>\n\t\t\t\t<div class=\"elementor-element elementor-element-02d8933 elementor-widget elementor-widget-image\" data-id=\"02d8933\" data-element_type=\"widget\" data-widget_type=\"image.default\">\n\t\t\t\t<div class=\"elementor-widget-container\">\n\t\t\t\t\t\t\t\t\t\t\t\t\t\t\t<img fetchpriority=\"high\" decoding=\"async\" width=\"800\" height=\"457\" src=\"https:\/\/gestioninter-service.com\/wp-content\/uploads\/2025\/09\/Designer-2-1024x585.jpeg\" class=\"attachment-large size-large wp-image-703\" alt=\"\" srcset=\"https:\/\/gestioninter-service.com\/wp-content\/uploads\/2025\/09\/Designer-2-1024x585.jpeg 1024w, https:\/\/gestioninter-service.com\/wp-content\/uploads\/2025\/09\/Designer-2-300x171.jpeg 300w, https:\/\/gestioninter-service.com\/wp-content\/uploads\/2025\/09\/Designer-2-768x439.jpeg 768w, https:\/\/gestioninter-service.com\/wp-content\/uploads\/2025\/09\/Designer-2-1536x878.jpeg 1536w, https:\/\/gestioninter-service.com\/wp-content\/uploads\/2025\/09\/Designer-2.jpeg 1792w\" sizes=\"(max-width: 800px) 100vw, 800px\" \/>\t\t\t\t\t\t\t\t\t\t\t\t\t\t\t<\/div>\n\t\t\t\t<\/div>\n\t\t\t\t\t<\/div>\n\t\t<\/div>\n\t\t\t\t<div class=\"elementor-column elementor-col-50 elementor-inner-column elementor-element elementor-element-6cc8e96\" data-id=\"6cc8e96\" data-element_type=\"column\">\n\t\t\t<div class=\"elementor-widget-wrap elementor-element-populated\">\n\t\t\t\t\t\t<div class=\"elementor-element elementor-element-6ca45a51 elementor-widget elementor-widget-text-editor\" data-id=\"6ca45a51\" data-element_type=\"widget\" data-widget_type=\"text-editor.default\">\n\t\t\t\t<div class=\"elementor-widget-container\">\n\t\t\t\t\t\t\t\t\t<div><p>Remise \u00e0 neuf compl\u00e8te de vos \u00e9quipements d\u2019entretien. Vous poss\u00e9dez des \u00e9quipements d\u2019entretien depuis plusieurs ann\u00e9es? Saviez-vous qu\u2019il est possible de leur donner une nouvelle vie gr\u00e2ce \u00e0 une remise \u00e0 neuf int\u00e9grale?<\/p><p>Chez <strong>Gestion Inter-Service<\/strong>, nous sommes sp\u00e9cialis\u00e9s dans le reconditionnement complet de vos machines. Notre \u00e9quipe suit un processus rigoureux comprenant:<\/p><ul><li>\u00c9valuation m\u00e9canique un diagnostic complet de l\u2019\u00e9tat de l\u2019\u00e9quipement.<\/li><li>D\u00e9montage complet : chaque composante est soigneusement inspect\u00e9e.<\/li><li>Remise \u00e0 neuf m\u00e9canique et esth\u00e9tique : r\u00e9paration, remplacement et restauration des pi\u00e8ces essentielles, ainsi que la remise en \u00e9tat visuel.<\/li><li>Remontage et validation : l\u2019\u00e9quipement est r\u00e9assembl\u00e9 selon nos standards de qualit\u00e9 et soumis \u00e0 une s\u00e9rie de tests pour garantir sa fiabilit\u00e9 et sa performance.<\/li><\/ul><p>Gr\u00e2ce \u00e0 ce processus, vos \u00e9quipements retrouvent une seconde vie, tout en vous permettant de prolonger leur dur\u00e9e d\u2019utilisation et d\u2019optimiser votre investissement.<\/p><\/div>\t\t\t\t\t\t\t\t<\/div>\n\t\t\t\t<\/div>\n\t\t\t\t<div class=\"elementor-element elementor-element-78d3b10d elementor-widget elementor-widget-button\" data-id=\"78d3b10d\" data-element_type=\"widget\" data-widget_type=\"button.default\">\n\t\t\t\t<div class=\"elementor-widget-container\">\n\t\t\t\t\t\t\t\t\t<div class=\"elementor-button-wrapper\">\n\t\t\t\t\t<a class=\"elementor-button elementor-button-link elementor-size-md\" href=\"\/contact\/\">\n\t\t\t\t\t\t<span class=\"elementor-button-content-wrapper\">\n\t\t\t\t\t\t\t\t\t<span class=\"elementor-button-text\">Contactez-nous<\/span>\n\t\t\t\t\t<\/span>\n\t\t\t\t\t<\/a>\n\t\t\t\t<\/div>\n\t\t\t\t\t\t\t\t<\/div>\n\t\t\t\t<\/div>\n\t\t\t\t\t<\/div>\n\t\t<\/div>\n\t\t\t\t\t<\/div>\n\t\t<\/section>\n\t\t\t\t\t<\/div>\n\t\t<\/div>\n\t\t\t\t\t<\/div>\n\t\t<\/section>\n\t\t\t\t<section class=\"elementor-section elementor-inner-section elementor-element elementor-element-6a9f59ce elementor-section-boxed elementor-section-height-default elementor-section-height-default\" data-id=\"6a9f59ce\" data-element_type=\"section\">\n\t\t\t\t\t\t<div class=\"elementor-container elementor-column-gap-default\">\n\t\t\t\t\t<div class=\"elementor-column elementor-col-33 elementor-inner-column elementor-element elementor-element-69c45e6b\" data-id=\"69c45e6b\" data-element_type=\"column\">\n\t\t\t<div class=\"elementor-widget-wrap elementor-element-populated\">\n\t\t\t\t\t\t<div class=\"elementor-element elementor-element-7bd5fde6 elementor-widget elementor-widget-heading\" data-id=\"7bd5fde6\" data-element_type=\"widget\" data-widget_type=\"heading.default\">\n\t\t\t\t<div class=\"elementor-widget-container\">\n\t\t\t\t\t<h6 class=\"elementor-heading-title elementor-size-default\">Nos valeurs<\/h6>\t\t\t\t<\/div>\n\t\t\t\t<\/div>\n\t\t\t\t<div class=\"elementor-element elementor-element-38ec0544 elementor-widget elementor-widget-heading\" data-id=\"38ec0544\" data-element_type=\"widget\" data-widget_type=\"heading.default\">\n\t\t\t\t<div class=\"elementor-widget-container\">\n\t\t\t\t\t<h2 class=\"elementor-heading-title elementor-size-default\">Nous sommes l\u00e0 pour vous!<\/h2>\t\t\t\t<\/div>\n\t\t\t\t<\/div>\n\t\t\t\t<div class=\"elementor-element elementor-element-5a2e613 elementor-widget elementor-widget-text-editor\" data-id=\"5a2e613\" data-element_type=\"widget\" data-widget_type=\"text-editor.default\">\n\t\t\t\t<div class=\"elementor-widget-container\">\n\t\t\t\t\t\t\t\t\t<p>Avec <strong>Gestion Inter-Service<\/strong>, vous ne faites pas seulement affaire avec un fournisseur, mais avec un partenaire de confiance et un facilitateur pour toutes vos op\u00e9rations.<br \/>Nous sommes aussi une source d\u2019information fiable et accessible, toujours ax\u00e9e sur vos besoins, pour vous guider vers les meilleures solutions.<br \/>Du diagnostic \u00e0 la r\u00e9paration, en passant par la livraison rapide des pi\u00e8ces et la mise \u00e0 disposition d\u2019\u00e9quipements temporaires, nous vous accompagnons avec une approche humaine, flexible et proactive.<br \/>Notre mission : <strong>rendre vos d\u00e9cisions plus simples et vos op\u00e9rations plus efficaces, tout en vous offrant un soutien<\/strong> sur lequel vous pouvez toujours compter.<\/p>\t\t\t\t\t\t\t\t<\/div>\n\t\t\t\t<\/div>\n\t\t\t\t\t<\/div>\n\t\t<\/div>\n\t\t\t\t<div class=\"elementor-column elementor-col-33 elementor-inner-column elementor-element elementor-element-730e8a7e\" data-id=\"730e8a7e\" data-element_type=\"column\">\n\t\t\t<div class=\"elementor-widget-wrap elementor-element-populated\">\n\t\t\t\t\t\t<div class=\"elementor-element elementor-element-6ff0da6f ekit-equal-height-disable elementor-widget elementor-widget-elementskit-icon-box\" data-id=\"6ff0da6f\" data-element_type=\"widget\" data-widget_type=\"elementskit-icon-box.default\">\n\t\t\t\t<div class=\"elementor-widget-container\">\n\t\t\t\t\t<div class=\"ekit-wid-con\" >        <!-- link opening -->\n                <!-- end link opening -->\n\n        <div class=\"elementskit-infobox text-center text- icon-top-align elementor-animation-   \">\n                    <div class=\"elementskit-box-header elementor-animation-\">\n                <div class=\"elementskit-info-box-icon  \">\n                    <i aria-hidden=\"true\" class=\"elementkit-infobox-icon fas fa-hand-holding\"><\/i>\n                <\/div>\n          <\/div>\n                        <div class=\"box-body\">\n                            <h3 class=\"elementskit-info-box-title\">\n                    Programmes                <\/h3>\n                        \t\t  \t<p>Expertise op\u00e9rationnelle.\n Nous croyons qu\u2019un entretien rigoureux est la cl\u00e9 de la fiabilit\u00e9.\n Chaque programme de maintenance pr\u00e9ventive et d\u2019inspection p\u00e9riodique que nous proposons refl\u00e8te notre volont\u00e9 d\u2019agir comme un v\u00e9ritable partenaire pour nos clients.\nNotre promesse : des \u00e9quipements durables, des co\u00fbts ma\u00eetris\u00e9s et des op\u00e9rations sans interruption, gr\u00e2ce \u00e0 un service qui place vos besoins au premier plan.<\/p>\n                                <\/div>\n        \n        \n                <\/div>\n        <\/div>\t\t\t\t<\/div>\n\t\t\t\t<\/div>\n\t\t\t\t\t<\/div>\n\t\t<\/div>\n\t\t\t\t<div class=\"elementor-column elementor-col-33 elementor-inner-column elementor-element elementor-element-2958b8ce\" data-id=\"2958b8ce\" data-element_type=\"column\">\n\t\t\t<div class=\"elementor-widget-wrap elementor-element-populated\">\n\t\t\t\t\t\t<div class=\"elementor-element elementor-element-a60896c ekit-equal-height-disable elementor-widget elementor-widget-elementskit-icon-box\" data-id=\"a60896c\" data-element_type=\"widget\" data-widget_type=\"elementskit-icon-box.default\">\n\t\t\t\t<div class=\"elementor-widget-container\">\n\t\t\t\t\t<div class=\"ekit-wid-con\" >        <!-- link opening -->\n                <!-- end link opening -->\n\n        <div class=\"elementskit-infobox text-center text- icon-top-align elementor-animation-   \">\n                    <div class=\"elementskit-box-header elementor-animation-\">\n                <div class=\"elementskit-info-box-icon  \">\n                    <i aria-hidden=\"true\" class=\"elementkit-infobox-icon material-icons md-local_police\" data-md-icon=\"local_police\"><\/i>\n                <\/div>\n          <\/div>\n                        <div class=\"box-body\">\n                            <h3 class=\"elementskit-info-box-title\">\n                    Int\u00e9grit\u00e9 et qualit\u00e9                <\/h3>\n                        \t\t  \t<p>Chez Gestion Inter-Service, nos valeurs se refl\u00e8tent dans chacune de nos actions.\n Nous pla\u00e7ons l\u2019int\u00e9grit\u00e9 et la qualit\u00e9 au c\u0153ur de notre travail, que ce soit dans la remise \u00e0 neuf de vos \u00e9quipements, leur r\u00e9paration minutieuse ou leur entretien pr\u00e9ventif.\nNotre engagement est simple : offrir un service d\u00e9di\u00e9 et personnalis\u00e9, o\u00f9 chaque client est trait\u00e9 comme une priorit\u00e9. Parce que votre nom et le n\u00f4tre comptent autant, nous veillons \u00e0 ce que chaque \u00e9quipement confi\u00e9 \u00e0 notre \u00e9quipe r\u00e9ponde aux plus hauts standards de performance et de fiabilit\u00e9.<\/p>\n                                <\/div>\n        \n        \n                <\/div>\n        <\/div>\t\t\t\t<\/div>\n\t\t\t\t<\/div>\n\t\t\t\t\t<\/div>\n\t\t<\/div>\n\t\t\t\t\t<\/div>\n\t\t<\/section>\n\t\t\t\t<section class=\"elementor-section elementor-top-section elementor-element elementor-element-838d020 elementor-reverse-tablet elementor-section-boxed elementor-section-height-default elementor-section-height-default\" data-id=\"838d020\" data-element_type=\"section\" data-settings=\"{&quot;background_background&quot;:&quot;classic&quot;}\">\n\t\t\t\t\t\t\t<div class=\"elementor-background-overlay\"><\/div>\n\t\t\t\t\t\t\t<div class=\"elementor-container elementor-column-gap-default\">\n\t\t\t\t\t<div class=\"elementor-column elementor-col-50 elementor-top-column elementor-element elementor-element-3c78d33f\" data-id=\"3c78d33f\" data-element_type=\"column\">\n\t\t\t<div class=\"elementor-widget-wrap elementor-element-populated\">\n\t\t\t\t\t\t<div class=\"elementor-element elementor-element-11370b38 elementor-widget elementor-widget-heading\" data-id=\"11370b38\" data-element_type=\"widget\" data-widget_type=\"heading.default\">\n\t\t\t\t<div class=\"elementor-widget-container\">\n\t\t\t\t\t<h6 class=\"elementor-heading-title elementor-size-default\">Notre succursale<\/h6>\t\t\t\t<\/div>\n\t\t\t\t<\/div>\n\t\t\t\t<div class=\"elementor-element elementor-element-7f5fed33 elementor-widget elementor-widget-heading\" data-id=\"7f5fed33\" data-element_type=\"widget\" data-widget_type=\"heading.default\">\n\t\t\t\t<div class=\"elementor-widget-container\">\n\t\t\t\t\t<h2 class=\"elementor-heading-title elementor-size-default\">Des \u00e9quipements fiables. Un service sur mesure. Une tranquillit\u00e9 assur\u00e9e.\n\n<\/h2>\t\t\t\t<\/div>\n\t\t\t\t<\/div>\n\t\t\t\t<div class=\"elementor-element elementor-element-74dc9842 elementor-widget elementor-widget-text-editor\" data-id=\"74dc9842\" data-element_type=\"widget\" data-widget_type=\"text-editor.default\">\n\t\t\t\t<div class=\"elementor-widget-container\">\n\t\t\t\t\t\t\t\t\t<div>\u00a0<\/div><div><p>Notre bureau chef et atelier de Terrebonne refl\u00e8te notre engagement envers la qualit\u00e9, l\u2019efficacit\u00e9 et la proximit\u00e9.<\/p><\/div><div><p><span style=\"text-decoration: underline;\">Sur place, vous trouverez :<\/span><\/p><\/div><div><ol><li>un atelier de reconditionnement \u00e9quip\u00e9 pour redonner toute leur performance aux appareils,<\/li><li>une salle de montre o\u00f9 d\u00e9couvrir et comparer nos mod\u00e8les,<\/li><li>une \u00e9quipe d\u00e9vou\u00e9e pr\u00eate \u00e0 vous conseiller.<\/li><\/ol><\/div><div><p>Parce que nous privil\u00e9gions la transparence, nos techniciens sont disponibles pour r\u00e9pondre \u00e0 vos questions et vous permettre d\u2019essayer nos \u00e9quipements sur place, avant de confirmer votre choix.<\/p><\/div><div><p>Avec <strong>Gestion Inter-Service<\/strong>, vous b\u00e9n\u00e9ficiez non seulement d\u2019\u00e9quipements fiables, mais aussi d\u2019un partenaire attentif \u00e0 la performance et \u00e0 la durabilit\u00e9 de vos investissements.<\/p><\/div>\t\t\t\t\t\t\t\t<\/div>\n\t\t\t\t<\/div>\n\t\t\t\t<div class=\"elementor-element elementor-element-715335b3 elementor-widget elementor-widget-button\" data-id=\"715335b3\" data-element_type=\"widget\" data-widget_type=\"button.default\">\n\t\t\t\t<div class=\"elementor-widget-container\">\n\t\t\t\t\t\t\t\t\t<div class=\"elementor-button-wrapper\">\n\t\t\t\t\t<a class=\"elementor-button elementor-button-link elementor-size-md\" href=\"\/contact\/\">\n\t\t\t\t\t\t<span class=\"elementor-button-content-wrapper\">\n\t\t\t\t\t\t\t\t\t<span class=\"elementor-button-text\">Contactez-nous<\/span>\n\t\t\t\t\t<\/span>\n\t\t\t\t\t<\/a>\n\t\t\t\t<\/div>\n\t\t\t\t\t\t\t\t<\/div>\n\t\t\t\t<\/div>\n\t\t\t\t\t<\/div>\n\t\t<\/div>\n\t\t\t\t<div class=\"elementor-column elementor-col-50 elementor-top-column elementor-element elementor-element-6c94603f\" data-id=\"6c94603f\" data-element_type=\"column\">\n\t\t\t<div class=\"elementor-widget-wrap elementor-element-populated\">\n\t\t\t\t\t\t<div class=\"elementor-element elementor-element-19a52493 elementor-widget elementor-widget-image\" data-id=\"19a52493\" data-element_type=\"widget\" data-widget_type=\"image.default\">\n\t\t\t\t<div class=\"elementor-widget-container\">\n\t\t\t\t\t\t\t\t\t\t\t\t\t\t\t<img decoding=\"async\" width=\"1792\" height=\"1024\" src=\"https:\/\/gestioninter-service.com\/wp-content\/uploads\/2025\/09\/Designer-2.jpeg\" class=\"attachment-full size-full wp-image-703\" alt=\"\" srcset=\"https:\/\/gestioninter-service.com\/wp-content\/uploads\/2025\/09\/Designer-2.jpeg 1792w, https:\/\/gestioninter-service.com\/wp-content\/uploads\/2025\/09\/Designer-2-300x171.jpeg 300w, https:\/\/gestioninter-service.com\/wp-content\/uploads\/2025\/09\/Designer-2-1024x585.jpeg 1024w, https:\/\/gestioninter-service.com\/wp-content\/uploads\/2025\/09\/Designer-2-768x439.jpeg 768w, https:\/\/gestioninter-service.com\/wp-content\/uploads\/2025\/09\/Designer-2-1536x878.jpeg 1536w\" sizes=\"(max-width: 1792px) 100vw, 1792px\" \/>\t\t\t\t\t\t\t\t\t\t\t\t\t\t\t<\/div>\n\t\t\t\t<\/div>\n\t\t<div class=\"elementor-element elementor-element-4f83b07f e-flex e-con-boxed e-con e-parent\" data-id=\"4f83b07f\" data-element_type=\"container\" data-settings=\"{&quot;position&quot;:&quot;absolute&quot;}\">\n\t\t\t\t\t<div class=\"e-con-inner\">\n\t\t\t\t<div class=\"elementor-element elementor-element-47bf9723 elementor-widget__width-initial elementor-widget elementor-widget-image\" data-id=\"47bf9723\" data-element_type=\"widget\" data-widget_type=\"image.default\">\n\t\t\t\t<div class=\"elementor-widget-container\">\n\t\t\t\t\t\t\t\t\t\t\t\t\t\t\t<img decoding=\"async\" width=\"200\" height=\"300\" src=\"https:\/\/gestioninter-service.com\/wp-content\/uploads\/2024\/12\/logo.png\" class=\"attachment-large size-large wp-image-201\" alt=\"\" \/>\t\t\t\t\t\t\t\t\t\t\t\t\t\t\t<\/div>\n\t\t\t\t<\/div>\n\t\t\t\t<div class=\"elementor-element elementor-element-4127fef1 elementor-widget__width-initial elementor-widget elementor-widget-heading\" data-id=\"4127fef1\" data-element_type=\"widget\" data-widget_type=\"heading.default\">\n\t\t\t\t<div class=\"elementor-widget-container\">\n\t\t\t\t\t<h2 class=\"elementor-heading-title elementor-size-default\">Expertise <br \/>\nInt\u00e9grit\u00e9 <br \/>\nResultats<\/h2>\t\t\t\t<\/div>\n\t\t\t\t<\/div>\n\t\t\t\t\t<\/div>\n\t\t\t\t<\/div>\n\t\t\t\t<div class=\"elementor-element elementor-element-1f040644 elementor-widget__width-initial elementor-absolute elementor-widget elementor-widget-image\" data-id=\"1f040644\" data-element_type=\"widget\" data-settings=\"{&quot;_position&quot;:&quot;absolute&quot;}\" data-widget_type=\"image.default\">\n\t\t\t\t<div class=\"elementor-widget-container\">\n\t\t\t\t\t\t\t\t\t\t\t\t\t\t\t<img loading=\"lazy\" decoding=\"async\" width=\"799\" height=\"533\" src=\"https:\/\/gestioninter-service.com\/wp-content\/uploads\/2025\/09\/nordwood-themes-q8U1YgBaRQk-unsplash-1.jpg\" class=\"attachment-full size-full wp-image-721\" alt=\"\" srcset=\"https:\/\/gestioninter-service.com\/wp-content\/uploads\/2025\/09\/nordwood-themes-q8U1YgBaRQk-unsplash-1.jpg 799w, https:\/\/gestioninter-service.com\/wp-content\/uploads\/2025\/09\/nordwood-themes-q8U1YgBaRQk-unsplash-1-300x200.jpg 300w, https:\/\/gestioninter-service.com\/wp-content\/uploads\/2025\/09\/nordwood-themes-q8U1YgBaRQk-unsplash-1-768x512.jpg 768w\" sizes=\"(max-width: 799px) 100vw, 799px\" \/>\t\t\t\t\t\t\t\t\t\t\t\t\t\t\t<\/div>\n\t\t\t\t<\/div>\n\t\t\t\t\t<\/div>\n\t\t<\/div>\n\t\t\t\t\t<\/div>\n\t\t<\/section>\n\t\t\t\t<\/div>\n\t\t","protected":false},"excerpt":{"rendered":"<p>Reconditionnement \/ Remise \u00e0 Neuf Remise \u00e0 neuf compl\u00e8te de vos \u00e9quipements d\u2019entretien. Vous poss\u00e9dez des \u00e9quipements d\u2019entretien depuis plusieurs ann\u00e9es? Saviez-vous qu\u2019il est possible de leur donner une nouvelle vie gr\u00e2ce \u00e0 une remise \u00e0 neuf int\u00e9grale? Chez Gestion Inter-Service, nous sommes sp\u00e9cialis\u00e9s dans le reconditionnement complet de vos machines. Notre \u00e9quipe suit un [&hellip;]<\/p>\n","protected":false},"author":1,"featured_media":0,"parent":0,"menu_order":0,"comment_status":"closed","ping_status":"closed","template":"","meta":{"footnotes":""},"class_list":["post-1399","page","type-page","status-publish","hentry"],"_links":{"self":[{"href":"https:\/\/gestioninter-service.com\/fr\/wp-json\/wp\/v2\/pages\/1399","targetHints":{"allow":["GET"]}}],"collection":[{"href":"https:\/\/gestioninter-service.com\/fr\/wp-json\/wp\/v2\/pages"}],"about":[{"href":"https:\/\/gestioninter-service.com\/fr\/wp-json\/wp\/v2\/types\/page"}],"author":[{"embeddable":true,"href":"https:\/\/gestioninter-service.com\/fr\/wp-json\/wp\/v2\/users\/1"}],"replies":[{"embeddable":true,"href":"https:\/\/gestioninter-service.com\/fr\/wp-json\/wp\/v2\/comments?post=1399"}],"version-history":[{"count":16,"href":"https:\/\/gestioninter-service.com\/fr\/wp-json\/wp\/v2\/pages\/1399\/revisions"}],"predecessor-version":[{"id":1593,"href":"https:\/\/gestioninter-service.com\/fr\/wp-json\/wp\/v2\/pages\/1399\/revisions\/1593"}],"wp:attachment":[{"href":"https:\/\/gestioninter-service.com\/fr\/wp-json\/wp\/v2\/media?parent=1399"}],"curies":[{"name":"wp","href":"https:\/\/api.w.org\/{rel}","templated":true}]}}