{"id":1303,"date":"2025-09-04T17:49:08","date_gmt":"2025-09-04T17:49:08","guid":{"rendered":"https:\/\/gestioninter-service.trifali.app\/?page_id=1303"},"modified":"2025-09-12T13:47:07","modified_gmt":"2025-09-12T13:47:07","slug":"vente-accessoires","status":"publish","type":"page","link":"https:\/\/gestioninter-service.com\/fr\/vente-accessoires\/","title":{"rendered":"Vente &#8211; Accessoires"},"content":{"rendered":"\t\t<div data-elementor-type=\"wp-page\" data-elementor-id=\"1303\" class=\"elementor elementor-1303\">\n\t\t\t\t\t\t<section class=\"elementor-section elementor-top-section elementor-element elementor-element-35775021 elementor-section-boxed elementor-section-height-default elementor-section-height-default\" data-id=\"35775021\" data-element_type=\"section\" data-settings=\"{&quot;background_background&quot;:&quot;classic&quot;}\">\n\t\t\t\t\t\t\t<div class=\"elementor-background-overlay\"><\/div>\n\t\t\t\t\t\t\t<div class=\"elementor-container elementor-column-gap-default\">\n\t\t\t\t\t<div class=\"elementor-column elementor-col-100 elementor-top-column elementor-element elementor-element-1361835e\" data-id=\"1361835e\" data-element_type=\"column\" data-settings=\"{&quot;background_background&quot;:&quot;classic&quot;}\">\n\t\t\t<div class=\"elementor-widget-wrap elementor-element-populated\">\n\t\t\t\t\t\t<section class=\"elementor-section elementor-inner-section elementor-element elementor-element-3497aed1 elementor-section-boxed elementor-section-height-default elementor-section-height-default\" data-id=\"3497aed1\" data-element_type=\"section\">\n\t\t\t\t\t\t<div class=\"elementor-container elementor-column-gap-default\">\n\t\t\t\t\t<div class=\"elementor-column elementor-col-50 elementor-inner-column elementor-element elementor-element-288cb7d\" data-id=\"288cb7d\" data-element_type=\"column\">\n\t\t\t<div class=\"elementor-widget-wrap elementor-element-populated\">\n\t\t\t\t\t\t<div class=\"elementor-element elementor-element-105d8acd elementor-widget elementor-widget-heading\" data-id=\"105d8acd\" data-element_type=\"widget\" data-widget_type=\"heading.default\">\n\t\t\t\t<div class=\"elementor-widget-container\">\n\t\t\t\t\t<h6 class=\"elementor-heading-title elementor-size-default\">Batteries AGM et Acide<\/h6>\t\t\t\t<\/div>\n\t\t\t\t<\/div>\n\t\t\t\t<div class=\"elementor-element elementor-element-02d8933 elementor-widget elementor-widget-image\" data-id=\"02d8933\" data-element_type=\"widget\" data-widget_type=\"image.default\">\n\t\t\t\t<div class=\"elementor-widget-container\">\n\t\t\t\t\t\t\t\t\t\t\t\t\t\t\t<img fetchpriority=\"high\" decoding=\"async\" width=\"800\" height=\"457\" src=\"https:\/\/gestioninter-service.com\/wp-content\/uploads\/2025\/09\/Designer-3-1024x585.jpeg\" class=\"attachment-large size-large wp-image-704\" alt=\"\" srcset=\"https:\/\/gestioninter-service.com\/wp-content\/uploads\/2025\/09\/Designer-3-1024x585.jpeg 1024w, https:\/\/gestioninter-service.com\/wp-content\/uploads\/2025\/09\/Designer-3-300x171.jpeg 300w, https:\/\/gestioninter-service.com\/wp-content\/uploads\/2025\/09\/Designer-3-768x439.jpeg 768w, https:\/\/gestioninter-service.com\/wp-content\/uploads\/2025\/09\/Designer-3-1536x878.jpeg 1536w, https:\/\/gestioninter-service.com\/wp-content\/uploads\/2025\/09\/Designer-3.jpeg 1792w\" sizes=\"(max-width: 800px) 100vw, 800px\" \/>\t\t\t\t\t\t\t\t\t\t\t\t\t\t\t<\/div>\n\t\t\t\t<\/div>\n\t\t\t\t\t<\/div>\n\t\t<\/div>\n\t\t\t\t<div class=\"elementor-column elementor-col-50 elementor-inner-column elementor-element elementor-element-6cc8e96\" data-id=\"6cc8e96\" data-element_type=\"column\">\n\t\t\t<div class=\"elementor-widget-wrap elementor-element-populated\">\n\t\t\t\t\t\t<div class=\"elementor-element elementor-element-6ca45a51 elementor-widget elementor-widget-text-editor\" data-id=\"6ca45a51\" data-element_type=\"widget\" data-widget_type=\"text-editor.default\">\n\t\t\t\t<div class=\"elementor-widget-container\">\n\t\t\t\t\t\t\t\t\t<div><p><span style=\"font-family: -apple-system, BlinkMacSystemFont, 'Segoe UI', Roboto, 'Helvetica Neue', Arial, 'Noto Sans', sans-serif, 'Apple Color Emoji', 'Segoe UI Emoji', 'Segoe UI Symbol', 'Noto Color Emoji';\">Nous offrons une gamme compl\u00e8te de batteries AGM et Acide, adapt\u00e9es \u00e0 tous les \u00e9quipements de nettoyage commercial.<\/span><\/p><\/div><div><p><strong>Batteries AGM :<\/strong> l\u00e9g\u00e8res, r\u00e9sistantes aux usages intensifs et sans entretien particulier. Leur durabilit\u00e9 est assur\u00e9e lorsqu\u2019elles sont utilis\u00e9es et recharg\u00e9es selon les recommandations du fabricant.<\/p><\/div><div><p><strong>Batteries Acide :<\/strong> \u00e9conomiques, fiables et offrant une excellente autonomie. Leur performance optimale est garantie lorsqu\u2019elles sont entretenues conform\u00e9ment aux proc\u00e9dures du manufacturier.<\/p><\/div><div><p>Tous nos \u00e9quipements sont livr\u00e9s avec leur chargeur (AGM ou Acide), conforme aux normes et aux courbes de charge de l\u2019industrie. <span style=\"font-family: -apple-system, BlinkMacSystemFont, 'Segoe UI', Roboto, 'Helvetica Neue', Arial, 'Noto Sans', sans-serif, 'Apple Color Emoji', 'Segoe UI Emoji', 'Segoe UI Symbol', 'Noto Color Emoji';\">Nous maintenons un inventaire de pi\u00e8ces pour la r\u00e9paration et la remise \u00e0 neuf. <\/span><span style=\"font-family: -apple-system, BlinkMacSystemFont, 'Segoe UI', Roboto, 'Helvetica Neue', Arial, 'Noto Sans', sans-serif, 'Apple Color Emoji', 'Segoe UI Emoji', 'Segoe UI Symbol', 'Noto Color Emoji';\">Nos clients peuvent se procurer directement les pi\u00e8ces et consommables n\u00e9cessaires \u00e0 leur entretien r\u00e9gulier. <\/span><span style=\"font-family: -apple-system, BlinkMacSystemFont, 'Segoe UI', Roboto, 'Helvetica Neue', Arial, 'Noto Sans', sans-serif, 'Apple Color Emoji', 'Segoe UI Emoji', 'Segoe UI Symbol', 'Noto Color Emoji';\">Nous pouvons \u00e9galement commander des pi\u00e8ces sp\u00e9cifiques pour divers types d\u2019\u00e9quipements afin de r\u00e9pondre \u00e0 toutes les demandes.<\/span><\/p><\/div><div><p>Avec Gestion Inter-Service, vous profitez d\u2019un service cl\u00e9 en main: de l\u2019\u00e9quipement reconditionn\u00e9 jusqu\u2019\u00e0 l\u2019approvisionnement rapide en pi\u00e8ces et batteries de remplacement.<\/p><\/div>\t\t\t\t\t\t\t\t<\/div>\n\t\t\t\t<\/div>\n\t\t\t\t\t<\/div>\n\t\t<\/div>\n\t\t\t\t\t<\/div>\n\t\t<\/section>\n\t\t\t\t\t<\/div>\n\t\t<\/div>\n\t\t\t\t\t<\/div>\n\t\t<\/section>\n\t\t\t\t<\/div>\n\t\t","protected":false},"excerpt":{"rendered":"<p>Batteries AGM et Acide Nous offrons une gamme compl\u00e8te de batteries AGM et Acide, adapt\u00e9es \u00e0 tous les \u00e9quipements de nettoyage commercial. Batteries AGM : l\u00e9g\u00e8res, r\u00e9sistantes aux usages intensifs et sans entretien particulier. Leur durabilit\u00e9 est assur\u00e9e lorsqu\u2019elles sont utilis\u00e9es et recharg\u00e9es selon les recommandations du fabricant. Batteries Acide : \u00e9conomiques, fiables et offrant [&hellip;]<\/p>\n","protected":false},"author":1,"featured_media":0,"parent":0,"menu_order":0,"comment_status":"closed","ping_status":"closed","template":"elementor_header_footer","meta":{"footnotes":""},"class_list":["post-1303","page","type-page","status-publish","hentry"],"_links":{"self":[{"href":"https:\/\/gestioninter-service.com\/fr\/wp-json\/wp\/v2\/pages\/1303","targetHints":{"allow":["GET"]}}],"collection":[{"href":"https:\/\/gestioninter-service.com\/fr\/wp-json\/wp\/v2\/pages"}],"about":[{"href":"https:\/\/gestioninter-service.com\/fr\/wp-json\/wp\/v2\/types\/page"}],"author":[{"embeddable":true,"href":"https:\/\/gestioninter-service.com\/fr\/wp-json\/wp\/v2\/users\/1"}],"replies":[{"embeddable":true,"href":"https:\/\/gestioninter-service.com\/fr\/wp-json\/wp\/v2\/comments?post=1303"}],"version-history":[{"count":52,"href":"https:\/\/gestioninter-service.com\/fr\/wp-json\/wp\/v2\/pages\/1303\/revisions"}],"predecessor-version":[{"id":1655,"href":"https:\/\/gestioninter-service.com\/fr\/wp-json\/wp\/v2\/pages\/1303\/revisions\/1655"}],"wp:attachment":[{"href":"https:\/\/gestioninter-service.com\/fr\/wp-json\/wp\/v2\/media?parent=1303"}],"curies":[{"name":"wp","href":"https:\/\/api.w.org\/{rel}","templated":true}]}}