{"id":798,"date":"2025-09-02T21:16:48","date_gmt":"2025-09-02T21:16:48","guid":{"rendered":"https:\/\/gestioninter-service.trifali.app\/?page_id=798"},"modified":"2025-09-30T22:05:10","modified_gmt":"2025-09-30T22:05:10","slug":"apropos","status":"publish","type":"page","link":"https:\/\/gestioninter-service.com\/en\/apropos\/","title":{"rendered":"About"},"content":{"rendered":"<div data-elementor-type=\"wp-page\" data-elementor-id=\"798\" class=\"elementor elementor-798\">\n\t\t\t\t\t\t<section class=\"elementor-section elementor-top-section elementor-element elementor-element-35775021 elementor-section-boxed elementor-section-height-default elementor-section-height-default\" data-id=\"35775021\" data-element_type=\"section\" data-settings=\"{&quot;background_background&quot;:&quot;classic&quot;}\">\n\t\t\t\t\t\t\t<div class=\"elementor-background-overlay\"><\/div>\n\t\t\t\t\t\t\t<div class=\"elementor-container elementor-column-gap-default\">\n\t\t\t\t\t<div class=\"elementor-column elementor-col-100 elementor-top-column elementor-element elementor-element-1361835e\" data-id=\"1361835e\" data-element_type=\"column\" data-settings=\"{&quot;background_background&quot;:&quot;classic&quot;}\">\n\t\t\t<div class=\"elementor-widget-wrap elementor-element-populated\">\n\t\t\t\t\t\t<section class=\"elementor-section elementor-inner-section elementor-element elementor-element-3497aed1 elementor-section-boxed elementor-section-height-default elementor-section-height-default\" data-id=\"3497aed1\" data-element_type=\"section\">\n\t\t\t\t\t\t<div class=\"elementor-container elementor-column-gap-default\">\n\t\t\t\t\t<div class=\"elementor-column elementor-col-50 elementor-inner-column elementor-element elementor-element-288cb7d\" data-id=\"288cb7d\" data-element_type=\"column\">\n\t\t\t<div class=\"elementor-widget-wrap elementor-element-populated\">\n\t\t\t\t\t\t<div class=\"elementor-element elementor-element-105d8acd elementor-widget elementor-widget-heading\" data-id=\"105d8acd\" data-element_type=\"widget\" data-widget_type=\"heading.default\">\n\t\t\t\t<div class=\"elementor-widget-container\">\n\t\t\t\t\t<h6 class=\"elementor-heading-title elementor-size-default\">Who are we?<\/h6>\t\t\t\t<\/div>\n\t\t\t\t<\/div>\n\t\t\t\t<div class=\"elementor-element elementor-element-02d8933 elementor-widget elementor-widget-image\" data-id=\"02d8933\" data-element_type=\"widget\" data-widget_type=\"image.default\">\n\t\t\t\t<div class=\"elementor-widget-container\">\n\t\t\t\t\t\t\t\t\t\t\t\t\t\t\t<img fetchpriority=\"high\" decoding=\"async\" width=\"800\" height=\"534\" src=\"https:\/\/gestioninter-service.com\/wp-content\/uploads\/2025\/09\/image010-1-1024x683.png\" class=\"attachment-large size-large wp-image-1491\" alt=\"\" srcset=\"https:\/\/gestioninter-service.com\/wp-content\/uploads\/2025\/09\/image010-1-1024x683.png 1024w, https:\/\/gestioninter-service.com\/wp-content\/uploads\/2025\/09\/image010-1-300x200.png 300w, https:\/\/gestioninter-service.com\/wp-content\/uploads\/2025\/09\/image010-1-768x512.png 768w, https:\/\/gestioninter-service.com\/wp-content\/uploads\/2025\/09\/image010-1-e1757622194770.png 800w\" sizes=\"(max-width: 800px) 100vw, 800px\" \/>\t\t\t\t\t\t\t\t\t\t\t\t\t\t\t<\/div>\n\t\t\t\t<\/div>\n\t\t\t\t\t<\/div>\n\t\t<\/div>\n\t\t\t\t<div class=\"elementor-column elementor-col-50 elementor-inner-column elementor-element elementor-element-6cc8e96\" data-id=\"6cc8e96\" data-element_type=\"column\">\n\t\t\t<div class=\"elementor-widget-wrap elementor-element-populated\">\n\t\t\t\t\t\t<div class=\"elementor-element elementor-element-6ca45a51 elementor-widget elementor-widget-text-editor\" data-id=\"6ca45a51\" data-element_type=\"widget\" data-widget_type=\"text-editor.default\">\n\t\t\t\t<div class=\"elementor-widget-container\">\n\t\t\t\t\t\t\t\t\t<p>At <strong>Gestion Inter-Service<\/strong>, we are convinced that every business should be able to rely on maintenance equipment that delivers quality work and supports its performance day after day.<\/p><p>We put our expertise at the service of our clients through the sale, rental, refurbishment, and repair of commercial cleaning equipment.<br \/>Our commitment is simple:<\/p><ul><li><strong>to be more than a supplier<\/strong><\/li><li>become a <strong>trusted partner<\/strong> who simplifies your operations<\/li><li>and <strong>supports you in your challenges<\/strong> of maintenance.<\/li><\/ul><p>A network that adapts to your needs!<\/p><p>We ensure the <span style=\"text-decoration: underline;\">equipment sale<\/span> <strong>everywhere in Canada<\/strong>, and offer a <span style=\"text-decoration: underline;\">repair and support service<\/span> field through our mobile workshops at <strong>Quebec and Ontario<\/strong>.<\/p><p>Wherever you are, we work with the same energy: making your operations smoother, more sustainable, and accessible.<\/p>\t\t\t\t\t\t\t\t<\/div>\n\t\t\t\t<\/div>\n\t\t\t\t<div class=\"elementor-element elementor-element-78d3b10d elementor-widget elementor-widget-button\" data-id=\"78d3b10d\" data-element_type=\"widget\" data-widget_type=\"button.default\">\n\t\t\t\t<div class=\"elementor-widget-container\">\n\t\t\t\t\t\t\t\t\t<div class=\"elementor-button-wrapper\">\n\t\t\t\t\t<a class=\"elementor-button elementor-button-link elementor-size-md\" href=\"\/en\/contact\/\">\n\t\t\t\t\t\t<span class=\"elementor-button-content-wrapper\">\n\t\t\t\t\t\t\t\t\t<span class=\"elementor-button-text\">Contact us<\/span>\n\t\t\t\t\t<\/span>\n\t\t\t\t\t<\/a>\n\t\t\t\t<\/div>\n\t\t\t\t\t\t\t\t<\/div>\n\t\t\t\t<\/div>\n\t\t\t\t\t<\/div>\n\t\t<\/div>\n\t\t\t\t\t<\/div>\n\t\t<\/section>\n\t\t\t\t\t<\/div>\n\t\t<\/div>\n\t\t\t\t\t<\/div>\n\t\t<\/section>\n\t\t\t\t<section class=\"elementor-section elementor-top-section elementor-element elementor-element-5c0c0d6b elementor-section-boxed elementor-section-height-default elementor-section-height-default\" data-id=\"5c0c0d6b\" data-element_type=\"section\">\n\t\t\t\t\t\t<div class=\"elementor-container elementor-column-gap-default\">\n\t\t\t\t\t<div class=\"elementor-column elementor-col-100 elementor-top-column elementor-element elementor-element-55c7d4ac\" data-id=\"55c7d4ac\" data-element_type=\"column\">\n\t\t\t<div class=\"elementor-widget-wrap elementor-element-populated\">\n\t\t\t\t\t\t<div class=\"elementor-element elementor-element-167fdbb5 elementor-widget elementor-widget-video\" data-id=\"167fdbb5\" data-element_type=\"widget\" data-settings=\"{&quot;youtube_url&quot;:&quot;https:\\\/\\\/www.youtube.com\\\/watch?v=XHOmBV4js_E&quot;,&quot;lazy_load&quot;:&quot;yes&quot;,&quot;show_image_overlay&quot;:&quot;yes&quot;,&quot;image_overlay&quot;:{&quot;url&quot;:&quot;https:\\\/\\\/gestioninter-service.trifali.app\\\/wp-content\\\/uploads\\\/2025\\\/09\\\/image002-1-e1757623056219.png&quot;,&quot;id&quot;:1514,&quot;size&quot;:&quot;&quot;,&quot;alt&quot;:&quot;&quot;,&quot;source&quot;:&quot;library&quot;},&quot;video_type&quot;:&quot;youtube&quot;,&quot;controls&quot;:&quot;yes&quot;}\" data-widget_type=\"video.default\">\n\t\t\t\t<div class=\"elementor-widget-container\">\n\t\t\t\t\t\t\t<div class=\"elementor-wrapper elementor-open-inline\">\n\t\t\t<div class=\"elementor-video\"><\/div>\t\t\t\t<div class=\"elementor-custom-embed-image-overlay\" style=\"background-image: url(https:\/\/gestioninter-service.com\/wp-content\/uploads\/2025\/09\/image002-1-e1757623056219.png);\">\n\t\t\t\t\t\t\t\t\t\t\t\t\t\t\t\t<div class=\"elementor-custom-embed-play\" role=\"button\" aria-label=\"Play Video\" tabindex=\"0\" data-no-translation-aria-label=\"\">\n\t\t\t\t\t\t\t<i aria-hidden=\"true\" class=\"eicon-play\"><\/i>\t\t\t\t\t\t<\/div>\n\t\t\t\t\t\t\t\t\t<\/div>\n\t\t\t\t\t<\/div>\n\t\t\t\t\t\t<\/div>\n\t\t\t\t<\/div>\n\t\t\t\t<section class=\"elementor-section elementor-inner-section elementor-element elementor-element-6d63f349 elementor-section-boxed elementor-section-height-default elementor-section-height-default\" data-id=\"6d63f349\" data-element_type=\"section\">\n\t\t\t\t\t\t<div class=\"elementor-container elementor-column-gap-default\">\n\t\t\t\t\t<div class=\"elementor-column elementor-col-33 elementor-inner-column elementor-element elementor-element-ba4d22a\" data-id=\"ba4d22a\" data-element_type=\"column\">\n\t\t\t<div class=\"elementor-widget-wrap elementor-element-populated\">\n\t\t\t\t\t\t<div class=\"elementor-element elementor-element-d0c6705 elementor-widget elementor-widget-heading\" data-id=\"d0c6705\" data-element_type=\"widget\" data-widget_type=\"heading.default\">\n\t\t\t\t<div class=\"elementor-widget-container\">\n\t\t\t\t\t<h6 class=\"elementor-heading-title elementor-size-default\">Our values<\/h6>\t\t\t\t<\/div>\n\t\t\t\t<\/div>\n\t\t\t\t<div class=\"elementor-element elementor-element-2744d622 elementor-widget elementor-widget-heading\" data-id=\"2744d622\" data-element_type=\"widget\" data-widget_type=\"heading.default\">\n\t\t\t\t<div class=\"elementor-widget-container\">\n\t\t\t\t\t<h2 class=\"elementor-heading-title elementor-size-default\">We are here for you!<\/h2>\t\t\t\t<\/div>\n\t\t\t\t<\/div>\n\t\t\t\t<div class=\"elementor-element elementor-element-9f4cb78 elementor-widget elementor-widget-text-editor\" data-id=\"9f4cb78\" data-element_type=\"widget\" data-widget_type=\"text-editor.default\">\n\t\t\t\t<div class=\"elementor-widget-container\">\n\t\t\t\t\t\t\t\t\t<p>With <strong>Gestion Inter-Service<\/strong>, you are not just dealing with a supplier, but with a trusted partner and a facilitator for all your operations.<br \/>We are also a reliable and accessible source of information, always focused on your needs, to guide you toward the best solutions.<br \/>From diagnosis to repair, including fast parts delivery and the provision of temporary equipment, we support you with a human, flexible, and proactive approach.<br \/>Our mission: <strong>making your decisions simpler and your operations more efficient, while providing you with support<\/strong> you can always rely on.<\/p>\t\t\t\t\t\t\t\t<\/div>\n\t\t\t\t<\/div>\n\t\t\t\t\t<\/div>\n\t\t<\/div>\n\t\t\t\t<div class=\"elementor-column elementor-col-33 elementor-inner-column elementor-element elementor-element-2b5c970d\" data-id=\"2b5c970d\" data-element_type=\"column\">\n\t\t\t<div class=\"elementor-widget-wrap elementor-element-populated\">\n\t\t\t\t\t\t<div class=\"elementor-element elementor-element-21f55757 ekit-equal-height-disable elementor-widget elementor-widget-elementskit-icon-box\" data-id=\"21f55757\" data-element_type=\"widget\" data-widget_type=\"elementskit-icon-box.default\">\n\t\t\t\t<div class=\"elementor-widget-container\">\n\t\t\t\t\t<div class=\"ekit-wid-con\" >        <!-- link opening -->\n                <!-- end link opening -->\n\n        <div class=\"elementskit-infobox text-center text- icon-top-align elementor-animation-\">\n                    <div class=\"elementskit-box-header elementor-animation-\">\n                <div class=\"elementskit-info-box-icon\">\n                    <i aria-hidden=\"true\" class=\"elementkit-infobox-icon fas fa-hand-holding\"><\/i>\n                <\/div>\n          <\/div>\n                        <div class=\"box-body\">\n                            <h3 class=\"elementskit-info-box-title\">\n                    Program                <\/h3>\n                        \t\t  \t<p>Operational Expertise\nWe believe that rigorous maintenance is the key to reliability.\nEach preventive maintenance and periodic inspection program we offer reflects our commitment to acting as a true partner for our clients.\nOur promise: durable equipment, controlled costs, and uninterrupted operations, through a service that puts your needs first.<\/p>\n                                <\/div>\n        \n        \n                <\/div>\n        <\/div>\t\t\t\t<\/div>\n\t\t\t\t<\/div>\n\t\t\t\t\t<\/div>\n\t\t<\/div>\n\t\t\t\t<div class=\"elementor-column elementor-col-33 elementor-inner-column elementor-element elementor-element-5d420b99\" data-id=\"5d420b99\" data-element_type=\"column\">\n\t\t\t<div class=\"elementor-widget-wrap elementor-element-populated\">\n\t\t\t\t\t\t<div class=\"elementor-element elementor-element-1596d316 ekit-equal-height-disable elementor-widget elementor-widget-elementskit-icon-box\" data-id=\"1596d316\" data-element_type=\"widget\" data-widget_type=\"elementskit-icon-box.default\">\n\t\t\t\t<div class=\"elementor-widget-container\">\n\t\t\t\t\t<div class=\"ekit-wid-con\" >        <!-- link opening -->\n                <!-- end link opening -->\n\n        <div class=\"elementskit-infobox text-center text- icon-top-align elementor-animation-\">\n                    <div class=\"elementskit-box-header elementor-animation-\">\n                <div class=\"elementskit-info-box-icon\">\n                    <i aria-hidden=\"true\" class=\"elementkit-infobox-icon material-icons md-local_police\" data-md-icon=\"local_police\"><\/i>\n                <\/div>\n          <\/div>\n                        <div class=\"box-body\">\n                            <h3 class=\"elementskit-info-box-title\">\n                    Integrity and equality                <\/h3>\n                        \t\t  \t<p>At Gestion Inter-Service, our values are reflected in everything we do.\nWe place integrity and quality at the heart of our work, whether in refurbishing your equipment, performing meticulous repairs, or providing preventive maintenance.\nOur commitment is simple: to offer dedicated, personalized service where every client is treated as a priority. Because your name and ours matter equally, we ensure that every piece of equipment entrusted to our team meets the highest standards of performance and reliability.<\/p>\n                                <\/div>\n        \n        \n                <\/div>\n        <\/div>\t\t\t\t<\/div>\n\t\t\t\t<\/div>\n\t\t\t\t\t<\/div>\n\t\t<\/div>\n\t\t\t\t\t<\/div>\n\t\t<\/section>\n\t\t\t\t\t<\/div>\n\t\t<\/div>\n\t\t\t\t\t<\/div>\n\t\t<\/section>\n\t\t\t\t<section class=\"elementor-section elementor-top-section elementor-element elementor-element-20a6f379 elementor-reverse-tablet elementor-section-boxed elementor-section-height-default elementor-section-height-default\" data-id=\"20a6f379\" data-element_type=\"section\" data-settings=\"{&quot;background_background&quot;:&quot;classic&quot;}\">\n\t\t\t\t\t\t\t<div class=\"elementor-background-overlay\"><\/div>\n\t\t\t\t\t\t\t<div class=\"elementor-container elementor-column-gap-default\">\n\t\t\t\t\t<div class=\"elementor-column elementor-col-50 elementor-top-column elementor-element elementor-element-6c1a29c2\" data-id=\"6c1a29c2\" data-element_type=\"column\">\n\t\t\t<div class=\"elementor-widget-wrap elementor-element-populated\">\n\t\t\t\t\t\t<div class=\"elementor-element elementor-element-2cb69b20 elementor-widget elementor-widget-heading\" data-id=\"2cb69b20\" data-element_type=\"widget\" data-widget_type=\"heading.default\">\n\t\t\t\t<div class=\"elementor-widget-container\">\n\t\t\t\t\t<h6 class=\"elementor-heading-title elementor-size-default\">Our branch<\/h6>\t\t\t\t<\/div>\n\t\t\t\t<\/div>\n\t\t\t\t<div class=\"elementor-element elementor-element-5ceefc87 elementor-widget elementor-widget-heading\" data-id=\"5ceefc87\" data-element_type=\"widget\" data-widget_type=\"heading.default\">\n\t\t\t\t<div class=\"elementor-widget-container\">\n\t\t\t\t\t<h2 class=\"elementor-heading-title elementor-size-default\">Reliable equipment. Customized service. Peace of mind.\n\n<\/h2>\t\t\t\t<\/div>\n\t\t\t\t<\/div>\n\t\t\t\t<div class=\"elementor-element elementor-element-3f436398 elementor-widget elementor-widget-text-editor\" data-id=\"3f436398\" data-element_type=\"widget\" data-widget_type=\"text-editor.default\">\n\t\t\t\t<div class=\"elementor-widget-container\">\n\t\t\t\t\t\t\t\t\t<div>\u00a0<\/div><div><p>Our head office and workshop in Terrebonne reflect our commitment to quality, efficiency, and accessibility.<\/p><\/div><div><p><span style=\"text-decoration: underline;\">On-site, you will find:<\/span><\/p><\/div><div><ol><li>a refurbishment workshop equipped to restore full performance to the equipment,<\/li><li>a showroom where you can explore and compare our models,<\/li><li>a dedicated team ready to advise you.<\/li><\/ol><\/div><div><p>Because we prioritize transparency, our technicians are available to answer your questions and allow you to try our equipment on-site before making your decision.<\/p><\/div><div><p>With <strong>Gestion Inter-Service<\/strong>you benefit not only from reliable equipment but also from a partner attentive to the performance and longevity of your investments.<\/p><\/div>\t\t\t\t\t\t\t\t<\/div>\n\t\t\t\t<\/div>\n\t\t\t\t<div class=\"elementor-element elementor-element-e4135ba elementor-widget elementor-widget-button\" data-id=\"e4135ba\" data-element_type=\"widget\" data-widget_type=\"button.default\">\n\t\t\t\t<div class=\"elementor-widget-container\">\n\t\t\t\t\t\t\t\t\t<div class=\"elementor-button-wrapper\">\n\t\t\t\t\t<a class=\"elementor-button elementor-button-link elementor-size-md\" href=\"\/en\/contact\/\">\n\t\t\t\t\t\t<span class=\"elementor-button-content-wrapper\">\n\t\t\t\t\t\t\t\t\t<span class=\"elementor-button-text\">Contact us<\/span>\n\t\t\t\t\t<\/span>\n\t\t\t\t\t<\/a>\n\t\t\t\t<\/div>\n\t\t\t\t\t\t\t\t<\/div>\n\t\t\t\t<\/div>\n\t\t\t\t\t<\/div>\n\t\t<\/div>\n\t\t\t\t<div class=\"elementor-column elementor-col-50 elementor-top-column elementor-element elementor-element-6b132976\" data-id=\"6b132976\" data-element_type=\"column\">\n\t\t\t<div class=\"elementor-widget-wrap elementor-element-populated\">\n\t\t\t\t\t\t<div class=\"elementor-element elementor-element-6cd88d22 elementor-widget elementor-widget-image\" data-id=\"6cd88d22\" data-element_type=\"widget\" data-widget_type=\"image.default\">\n\t\t\t\t<div class=\"elementor-widget-container\">\n\t\t\t\t\t\t\t\t\t\t\t\t\t\t\t<img decoding=\"async\" width=\"1792\" height=\"1024\" src=\"https:\/\/gestioninter-service.com\/wp-content\/uploads\/2025\/09\/Designer-2.jpeg\" class=\"attachment-full size-full wp-image-703\" alt=\"\" srcset=\"https:\/\/gestioninter-service.com\/wp-content\/uploads\/2025\/09\/Designer-2.jpeg 1792w, https:\/\/gestioninter-service.com\/wp-content\/uploads\/2025\/09\/Designer-2-300x171.jpeg 300w, https:\/\/gestioninter-service.com\/wp-content\/uploads\/2025\/09\/Designer-2-1024x585.jpeg 1024w, https:\/\/gestioninter-service.com\/wp-content\/uploads\/2025\/09\/Designer-2-768x439.jpeg 768w, https:\/\/gestioninter-service.com\/wp-content\/uploads\/2025\/09\/Designer-2-1536x878.jpeg 1536w\" sizes=\"(max-width: 1792px) 100vw, 1792px\" \/>\t\t\t\t\t\t\t\t\t\t\t\t\t\t\t<\/div>\n\t\t\t\t<\/div>\n\t\t<div class=\"elementor-element elementor-element-cb1b349 e-flex e-con-boxed e-con e-parent\" data-id=\"cb1b349\" data-element_type=\"container\" data-settings=\"{&quot;position&quot;:&quot;absolute&quot;}\">\n\t\t\t\t\t<div class=\"e-con-inner\">\n\t\t\t\t<div class=\"elementor-element elementor-element-64412d4 elementor-widget__width-initial elementor-widget elementor-widget-image\" data-id=\"64412d4\" data-element_type=\"widget\" data-widget_type=\"image.default\">\n\t\t\t\t<div class=\"elementor-widget-container\">\n\t\t\t\t\t\t\t\t\t\t\t\t\t\t\t<img decoding=\"async\" width=\"200\" height=\"300\" src=\"https:\/\/gestioninter-service.com\/wp-content\/uploads\/2024\/12\/logo.png\" class=\"attachment-large size-large wp-image-201\" alt=\"\" \/>\t\t\t\t\t\t\t\t\t\t\t\t\t\t\t<\/div>\n\t\t\t\t<\/div>\n\t\t\t\t<div class=\"elementor-element elementor-element-04a2e5c elementor-widget__width-initial elementor-widget elementor-widget-heading\" data-id=\"04a2e5c\" data-element_type=\"widget\" data-widget_type=\"heading.default\">\n\t\t\t\t<div class=\"elementor-widget-container\">\n\t\t\t\t\t<h2 class=\"elementor-heading-title elementor-size-default\">Expertise <br \/>\nIntegrity <br \/>\nResults<\/h2>\t\t\t\t<\/div>\n\t\t\t\t<\/div>\n\t\t\t\t\t<\/div>\n\t\t\t\t<\/div>\n\t\t\t\t<div class=\"elementor-element elementor-element-44885108 elementor-widget__width-initial elementor-absolute elementor-widget elementor-widget-image\" data-id=\"44885108\" data-element_type=\"widget\" data-settings=\"{&quot;_position&quot;:&quot;absolute&quot;}\" data-widget_type=\"image.default\">\n\t\t\t\t<div class=\"elementor-widget-container\">\n\t\t\t\t\t\t\t\t\t\t\t\t\t\t\t<img loading=\"lazy\" decoding=\"async\" width=\"799\" height=\"533\" src=\"https:\/\/gestioninter-service.com\/wp-content\/uploads\/2025\/09\/nordwood-themes-q8U1YgBaRQk-unsplash-1.jpg\" class=\"attachment-full size-full wp-image-721\" alt=\"\" srcset=\"https:\/\/gestioninter-service.com\/wp-content\/uploads\/2025\/09\/nordwood-themes-q8U1YgBaRQk-unsplash-1.jpg 799w, https:\/\/gestioninter-service.com\/wp-content\/uploads\/2025\/09\/nordwood-themes-q8U1YgBaRQk-unsplash-1-300x200.jpg 300w, https:\/\/gestioninter-service.com\/wp-content\/uploads\/2025\/09\/nordwood-themes-q8U1YgBaRQk-unsplash-1-768x512.jpg 768w\" sizes=\"(max-width: 799px) 100vw, 799px\" \/>\t\t\t\t\t\t\t\t\t\t\t\t\t\t\t<\/div>\n\t\t\t\t<\/div>\n\t\t\t\t\t<\/div>\n\t\t<\/div>\n\t\t\t\t\t<\/div>\n\t\t<\/section>\n\t\t\t\t<\/div>","protected":false},"excerpt":{"rendered":"<p>Qui sommes-nous? Chez Gestion Inter-Service, nous sommes convaincus que chaque entreprise doit pouvoir compter sur des \u00e9quipements d\u2019entretien qui assurent un travail de qualit\u00e9 et soutiennent sa performance jour apr\u00e8s jour. Nous mettons notre savoir-faire au service de nos clients \u00e0 travers la vente, la location, la remise \u00e0 neuf et la r\u00e9paration d\u2019\u00e9quipements de [&hellip;]<\/p>","protected":false},"author":1,"featured_media":0,"parent":0,"menu_order":0,"comment_status":"closed","ping_status":"closed","template":"elementor_header_footer","meta":{"footnotes":""},"class_list":["post-798","page","type-page","status-publish","hentry"],"_links":{"self":[{"href":"https:\/\/gestioninter-service.com\/en\/wp-json\/wp\/v2\/pages\/798","targetHints":{"allow":["GET"]}}],"collection":[{"href":"https:\/\/gestioninter-service.com\/en\/wp-json\/wp\/v2\/pages"}],"about":[{"href":"https:\/\/gestioninter-service.com\/en\/wp-json\/wp\/v2\/types\/page"}],"author":[{"embeddable":true,"href":"https:\/\/gestioninter-service.com\/en\/wp-json\/wp\/v2\/users\/1"}],"replies":[{"embeddable":true,"href":"https:\/\/gestioninter-service.com\/en\/wp-json\/wp\/v2\/comments?post=798"}],"version-history":[{"count":70,"href":"https:\/\/gestioninter-service.com\/en\/wp-json\/wp\/v2\/pages\/798\/revisions"}],"predecessor-version":[{"id":1737,"href":"https:\/\/gestioninter-service.com\/en\/wp-json\/wp\/v2\/pages\/798\/revisions\/1737"}],"wp:attachment":[{"href":"https:\/\/gestioninter-service.com\/en\/wp-json\/wp\/v2\/media?parent=798"}],"curies":[{"name":"wp","href":"https:\/\/api.w.org\/{rel}","templated":true}]}}