{"id":1087,"date":"2025-09-03T18:53:34","date_gmt":"2025-09-03T18:53:34","guid":{"rendered":"https:\/\/gestioninter-service.trifali.app\/?page_id=1087"},"modified":"2025-09-12T13:14:09","modified_gmt":"2025-09-12T13:14:09","slug":"transport-logistique","status":"publish","type":"page","link":"https:\/\/gestioninter-service.com\/en\/transport-logistique\/","title":{"rendered":"Services &#8211; Transport &#038; logistique"},"content":{"rendered":"<div data-elementor-type=\"wp-page\" data-elementor-id=\"1087\" class=\"elementor elementor-1087\">\n\t\t\t\t\t\t<section class=\"elementor-section elementor-top-section elementor-element elementor-element-35775021 elementor-section-boxed elementor-section-height-default elementor-section-height-default\" data-id=\"35775021\" data-element_type=\"section\" data-settings=\"{&quot;background_background&quot;:&quot;classic&quot;}\">\n\t\t\t\t\t\t\t<div class=\"elementor-background-overlay\"><\/div>\n\t\t\t\t\t\t\t<div class=\"elementor-container elementor-column-gap-default\">\n\t\t\t\t\t<div class=\"elementor-column elementor-col-100 elementor-top-column elementor-element elementor-element-1361835e\" data-id=\"1361835e\" data-element_type=\"column\" data-settings=\"{&quot;background_background&quot;:&quot;classic&quot;}\">\n\t\t\t<div class=\"elementor-widget-wrap elementor-element-populated\">\n\t\t\t\t\t\t<section class=\"elementor-section elementor-inner-section elementor-element elementor-element-3497aed1 elementor-section-boxed elementor-section-height-default elementor-section-height-default\" data-id=\"3497aed1\" data-element_type=\"section\">\n\t\t\t\t\t\t<div class=\"elementor-container elementor-column-gap-default\">\n\t\t\t\t\t<div class=\"elementor-column elementor-col-50 elementor-inner-column elementor-element elementor-element-288cb7d\" data-id=\"288cb7d\" data-element_type=\"column\">\n\t\t\t<div class=\"elementor-widget-wrap elementor-element-populated\">\n\t\t\t\t\t\t<div class=\"elementor-element elementor-element-105d8acd elementor-widget elementor-widget-heading\" data-id=\"105d8acd\" data-element_type=\"widget\" data-widget_type=\"heading.default\">\n\t\t\t\t<div class=\"elementor-widget-container\">\n\t\t\t\t\t<h6 class=\"elementor-heading-title elementor-size-default\">Transport &amp; Logistics<\/h6>\t\t\t\t<\/div>\n\t\t\t\t<\/div>\n\t\t\t\t<div class=\"elementor-element elementor-element-02d8933 elementor-widget elementor-widget-image\" data-id=\"02d8933\" data-element_type=\"widget\" data-widget_type=\"image.default\">\n\t\t\t\t<div class=\"elementor-widget-container\">\n\t\t\t\t\t\t\t\t\t\t\t\t\t\t\t<img fetchpriority=\"high\" decoding=\"async\" width=\"800\" height=\"457\" src=\"https:\/\/gestioninter-service.com\/wp-content\/uploads\/2025\/09\/Designer-2-1024x585.jpeg\" class=\"attachment-large size-large wp-image-703\" alt=\"\" srcset=\"https:\/\/gestioninter-service.com\/wp-content\/uploads\/2025\/09\/Designer-2-1024x585.jpeg 1024w, https:\/\/gestioninter-service.com\/wp-content\/uploads\/2025\/09\/Designer-2-300x171.jpeg 300w, https:\/\/gestioninter-service.com\/wp-content\/uploads\/2025\/09\/Designer-2-768x439.jpeg 768w, https:\/\/gestioninter-service.com\/wp-content\/uploads\/2025\/09\/Designer-2-1536x878.jpeg 1536w, https:\/\/gestioninter-service.com\/wp-content\/uploads\/2025\/09\/Designer-2.jpeg 1792w\" sizes=\"(max-width: 800px) 100vw, 800px\" \/>\t\t\t\t\t\t\t\t\t\t\t\t\t\t\t<\/div>\n\t\t\t\t<\/div>\n\t\t\t\t\t<\/div>\n\t\t<\/div>\n\t\t\t\t<div class=\"elementor-column elementor-col-50 elementor-inner-column elementor-element elementor-element-6cc8e96\" data-id=\"6cc8e96\" data-element_type=\"column\">\n\t\t\t<div class=\"elementor-widget-wrap elementor-element-populated\">\n\t\t\t\t\t\t<div class=\"elementor-element elementor-element-6ca45a51 elementor-widget elementor-widget-text-editor\" data-id=\"6ca45a51\" data-element_type=\"widget\" data-widget_type=\"text-editor.default\">\n\t\t\t\t<div class=\"elementor-widget-container\">\n\t\t\t\t\t\t\t\t\t<div><div><div><p>We handle all local deliveries, whether before, during, or after a repair or sale.<\/p><\/div><div><p>We also manage the logistics of <strong>equipment shipments across Canada<\/strong> following a transaction.<\/p><\/div><div><p>Our logistics department always ensures the best rates and transportation solutions for your needs.<\/p><\/div><\/div><\/div>\t\t\t\t\t\t\t\t<\/div>\n\t\t\t\t<\/div>\n\t\t\t\t<div class=\"elementor-element elementor-element-78d3b10d elementor-widget elementor-widget-button\" data-id=\"78d3b10d\" data-element_type=\"widget\" data-widget_type=\"button.default\">\n\t\t\t\t<div class=\"elementor-widget-container\">\n\t\t\t\t\t\t\t\t\t<div class=\"elementor-button-wrapper\">\n\t\t\t\t\t<a class=\"elementor-button elementor-button-link elementor-size-md\" href=\"\/en\/contact\/\">\n\t\t\t\t\t\t<span class=\"elementor-button-content-wrapper\">\n\t\t\t\t\t\t\t\t\t<span class=\"elementor-button-text\">Contact us<\/span>\n\t\t\t\t\t<\/span>\n\t\t\t\t\t<\/a>\n\t\t\t\t<\/div>\n\t\t\t\t\t\t\t\t<\/div>\n\t\t\t\t<\/div>\n\t\t\t\t\t<\/div>\n\t\t<\/div>\n\t\t\t\t\t<\/div>\n\t\t<\/section>\n\t\t\t\t\t<\/div>\n\t\t<\/div>\n\t\t\t\t\t<\/div>\n\t\t<\/section>\n\t\t\t\t<section class=\"elementor-section elementor-inner-section elementor-element elementor-element-2f3787f7 elementor-section-boxed elementor-section-height-default elementor-section-height-default\" data-id=\"2f3787f7\" data-element_type=\"section\">\n\t\t\t\t\t\t<div class=\"elementor-container elementor-column-gap-default\">\n\t\t\t\t\t<div class=\"elementor-column elementor-col-33 elementor-inner-column elementor-element elementor-element-4abae1c5\" data-id=\"4abae1c5\" data-element_type=\"column\">\n\t\t\t<div class=\"elementor-widget-wrap elementor-element-populated\">\n\t\t\t\t\t\t<div class=\"elementor-element elementor-element-230a6bb8 elementor-widget elementor-widget-heading\" data-id=\"230a6bb8\" data-element_type=\"widget\" data-widget_type=\"heading.default\">\n\t\t\t\t<div class=\"elementor-widget-container\">\n\t\t\t\t\t<h6 class=\"elementor-heading-title elementor-size-default\">Our values<\/h6>\t\t\t\t<\/div>\n\t\t\t\t<\/div>\n\t\t\t\t<div class=\"elementor-element elementor-element-44b49e8f elementor-widget elementor-widget-heading\" data-id=\"44b49e8f\" data-element_type=\"widget\" data-widget_type=\"heading.default\">\n\t\t\t\t<div class=\"elementor-widget-container\">\n\t\t\t\t\t<h2 class=\"elementor-heading-title elementor-size-default\">We are here for you!<\/h2>\t\t\t\t<\/div>\n\t\t\t\t<\/div>\n\t\t\t\t<div class=\"elementor-element elementor-element-1382c6f7 elementor-widget elementor-widget-text-editor\" data-id=\"1382c6f7\" data-element_type=\"widget\" data-widget_type=\"text-editor.default\">\n\t\t\t\t<div class=\"elementor-widget-container\">\n\t\t\t\t\t\t\t\t\t<p>With <strong>Gestion Inter-Service<\/strong>, you are not just dealing with a supplier, but with a trusted partner and a facilitator for all your operations.<br \/>We are also a reliable and accessible source of information, always focused on your needs, to guide you toward the best solutions.<br \/>From diagnosis to repair, including fast parts delivery and the provision of temporary equipment, we support you with a human, flexible, and proactive approach.<br \/>Our mission: <strong>making your decisions simpler and your operations more efficient, while providing you with support<\/strong> you can always rely on.<\/p>\t\t\t\t\t\t\t\t<\/div>\n\t\t\t\t<\/div>\n\t\t\t\t\t<\/div>\n\t\t<\/div>\n\t\t\t\t<div class=\"elementor-column elementor-col-33 elementor-inner-column elementor-element elementor-element-7e187a6f\" data-id=\"7e187a6f\" data-element_type=\"column\">\n\t\t\t<div class=\"elementor-widget-wrap elementor-element-populated\">\n\t\t\t\t\t\t<div class=\"elementor-element elementor-element-326f3dbd ekit-equal-height-disable elementor-widget elementor-widget-elementskit-icon-box\" data-id=\"326f3dbd\" data-element_type=\"widget\" data-widget_type=\"elementskit-icon-box.default\">\n\t\t\t\t<div class=\"elementor-widget-container\">\n\t\t\t\t\t<div class=\"ekit-wid-con\" >        <!-- link opening -->\n                <!-- end link opening -->\n\n        <div class=\"elementskit-infobox text-center text- icon-top-align elementor-animation-\">\n                    <div class=\"elementskit-box-header elementor-animation-\">\n                <div class=\"elementskit-info-box-icon\">\n                    <i aria-hidden=\"true\" class=\"elementkit-infobox-icon fas fa-hand-holding\"><\/i>\n                <\/div>\n          <\/div>\n                        <div class=\"box-body\">\n                            <h3 class=\"elementskit-info-box-title\">\n                    Program                <\/h3>\n                        \t\t  \t<p>Operational Expertise\nWe believe that rigorous maintenance is the key to reliability.\nEach preventive maintenance and periodic inspection program we offer reflects our commitment to acting as a true partner for our clients.\nOur promise: durable equipment, controlled costs, and uninterrupted operations, through a service that puts your needs first.<\/p>\n                                <\/div>\n        \n        \n                <\/div>\n        <\/div>\t\t\t\t<\/div>\n\t\t\t\t<\/div>\n\t\t\t\t\t<\/div>\n\t\t<\/div>\n\t\t\t\t<div class=\"elementor-column elementor-col-33 elementor-inner-column elementor-element elementor-element-1104f0c\" data-id=\"1104f0c\" data-element_type=\"column\">\n\t\t\t<div class=\"elementor-widget-wrap elementor-element-populated\">\n\t\t\t\t\t\t<div class=\"elementor-element elementor-element-2deb2797 ekit-equal-height-disable elementor-widget elementor-widget-elementskit-icon-box\" data-id=\"2deb2797\" data-element_type=\"widget\" data-widget_type=\"elementskit-icon-box.default\">\n\t\t\t\t<div class=\"elementor-widget-container\">\n\t\t\t\t\t<div class=\"ekit-wid-con\" >        <!-- link opening -->\n                <!-- end link opening -->\n\n        <div class=\"elementskit-infobox text-center text- icon-top-align elementor-animation-\">\n                    <div class=\"elementskit-box-header elementor-animation-\">\n                <div class=\"elementskit-info-box-icon\">\n                    <i aria-hidden=\"true\" class=\"elementkit-infobox-icon material-icons md-local_police\" data-md-icon=\"local_police\"><\/i>\n                <\/div>\n          <\/div>\n                        <div class=\"box-body\">\n                            <h3 class=\"elementskit-info-box-title\">\n                    Integrity and quality                <\/h3>\n                        \t\t  \t<p>At Gestion Inter-Service, our values are reflected in everything we do.\nWe place integrity and quality at the heart of our work, whether in refurbishing your equipment, performing meticulous repairs, or providing preventive maintenance.\nOur commitment is simple: to offer dedicated, personalized service where every client is treated as a priority. Because your name and ours matter equally, we ensure that every piece of equipment entrusted to our team meets the highest standards of performance and reliability.<\/p>\n                                <\/div>\n        \n        \n                <\/div>\n        <\/div>\t\t\t\t<\/div>\n\t\t\t\t<\/div>\n\t\t\t\t\t<\/div>\n\t\t<\/div>\n\t\t\t\t\t<\/div>\n\t\t<\/section>\n\t\t\t\t<section class=\"elementor-section elementor-top-section elementor-element elementor-element-183c3284 elementor-reverse-tablet elementor-section-boxed elementor-section-height-default elementor-section-height-default\" data-id=\"183c3284\" data-element_type=\"section\" data-settings=\"{&quot;background_background&quot;:&quot;classic&quot;}\">\n\t\t\t\t\t\t\t<div class=\"elementor-background-overlay\"><\/div>\n\t\t\t\t\t\t\t<div class=\"elementor-container elementor-column-gap-default\">\n\t\t\t\t\t<div class=\"elementor-column elementor-col-50 elementor-top-column elementor-element elementor-element-4207be54\" data-id=\"4207be54\" data-element_type=\"column\">\n\t\t\t<div class=\"elementor-widget-wrap elementor-element-populated\">\n\t\t\t\t\t\t<div class=\"elementor-element elementor-element-2f3ff57d elementor-widget elementor-widget-heading\" data-id=\"2f3ff57d\" data-element_type=\"widget\" data-widget_type=\"heading.default\">\n\t\t\t\t<div class=\"elementor-widget-container\">\n\t\t\t\t\t<h6 class=\"elementor-heading-title elementor-size-default\">Our branch<\/h6>\t\t\t\t<\/div>\n\t\t\t\t<\/div>\n\t\t\t\t<div class=\"elementor-element elementor-element-17dfc1d7 elementor-widget elementor-widget-heading\" data-id=\"17dfc1d7\" data-element_type=\"widget\" data-widget_type=\"heading.default\">\n\t\t\t\t<div class=\"elementor-widget-container\">\n\t\t\t\t\t<h2 class=\"elementor-heading-title elementor-size-default\">Reliable equipment. Customized service. Peace of mind.\n\n<\/h2>\t\t\t\t<\/div>\n\t\t\t\t<\/div>\n\t\t\t\t<div class=\"elementor-element elementor-element-1d848675 elementor-widget elementor-widget-text-editor\" data-id=\"1d848675\" data-element_type=\"widget\" data-widget_type=\"text-editor.default\">\n\t\t\t\t<div class=\"elementor-widget-container\">\n\t\t\t\t\t\t\t\t\t<div>\u00a0<\/div><div><p>Our head office and workshop in Terrebonne reflect our commitment to quality, efficiency, and accessibility.<\/p><\/div><div><p><span style=\"text-decoration: underline;\">On-site, you will find:<\/span><\/p><\/div><div><ol><li>a refurbishment workshop equipped to restore full performance to the equipment,<\/li><li>a showroom where you can explore and compare our models,<\/li><li>a dedicated team ready to advise you.<\/li><\/ol><\/div><div><p>Because we prioritize transparency, our technicians are available to answer your questions and allow you to try our equipment on-site before making your decision.<\/p><\/div><div><p>With <strong>Gestion Inter-Service<\/strong>you benefit not only from reliable equipment but also from a partner attentive to the performance and longevity of your investments.<\/p><\/div>\t\t\t\t\t\t\t\t<\/div>\n\t\t\t\t<\/div>\n\t\t\t\t<div class=\"elementor-element elementor-element-61e9176d elementor-widget elementor-widget-button\" data-id=\"61e9176d\" data-element_type=\"widget\" data-widget_type=\"button.default\">\n\t\t\t\t<div class=\"elementor-widget-container\">\n\t\t\t\t\t\t\t\t\t<div class=\"elementor-button-wrapper\">\n\t\t\t\t\t<a class=\"elementor-button elementor-button-link elementor-size-md\" href=\"\/en\/contact\/\">\n\t\t\t\t\t\t<span class=\"elementor-button-content-wrapper\">\n\t\t\t\t\t\t\t\t\t<span class=\"elementor-button-text\">Contact us<\/span>\n\t\t\t\t\t<\/span>\n\t\t\t\t\t<\/a>\n\t\t\t\t<\/div>\n\t\t\t\t\t\t\t\t<\/div>\n\t\t\t\t<\/div>\n\t\t\t\t\t<\/div>\n\t\t<\/div>\n\t\t\t\t<div class=\"elementor-column elementor-col-50 elementor-top-column elementor-element elementor-element-60bf3803\" data-id=\"60bf3803\" data-element_type=\"column\">\n\t\t\t<div class=\"elementor-widget-wrap elementor-element-populated\">\n\t\t\t\t\t\t<div class=\"elementor-element elementor-element-4fc9f5a5 elementor-widget elementor-widget-image\" data-id=\"4fc9f5a5\" data-element_type=\"widget\" data-widget_type=\"image.default\">\n\t\t\t\t<div class=\"elementor-widget-container\">\n\t\t\t\t\t\t\t\t\t\t\t\t\t\t\t<img decoding=\"async\" width=\"1792\" height=\"1024\" src=\"https:\/\/gestioninter-service.com\/wp-content\/uploads\/2025\/09\/Designer-2.jpeg\" class=\"attachment-full size-full wp-image-703\" alt=\"\" srcset=\"https:\/\/gestioninter-service.com\/wp-content\/uploads\/2025\/09\/Designer-2.jpeg 1792w, https:\/\/gestioninter-service.com\/wp-content\/uploads\/2025\/09\/Designer-2-300x171.jpeg 300w, https:\/\/gestioninter-service.com\/wp-content\/uploads\/2025\/09\/Designer-2-1024x585.jpeg 1024w, https:\/\/gestioninter-service.com\/wp-content\/uploads\/2025\/09\/Designer-2-768x439.jpeg 768w, https:\/\/gestioninter-service.com\/wp-content\/uploads\/2025\/09\/Designer-2-1536x878.jpeg 1536w\" sizes=\"(max-width: 1792px) 100vw, 1792px\" \/>\t\t\t\t\t\t\t\t\t\t\t\t\t\t\t<\/div>\n\t\t\t\t<\/div>\n\t\t<div class=\"elementor-element elementor-element-50d14710 e-flex e-con-boxed e-con e-parent\" data-id=\"50d14710\" data-element_type=\"container\" data-settings=\"{&quot;position&quot;:&quot;absolute&quot;}\">\n\t\t\t\t\t<div class=\"e-con-inner\">\n\t\t\t\t<div class=\"elementor-element elementor-element-109d885d elementor-widget__width-initial elementor-widget elementor-widget-image\" data-id=\"109d885d\" data-element_type=\"widget\" data-widget_type=\"image.default\">\n\t\t\t\t<div class=\"elementor-widget-container\">\n\t\t\t\t\t\t\t\t\t\t\t\t\t\t\t<img decoding=\"async\" width=\"200\" height=\"300\" src=\"https:\/\/gestioninter-service.com\/wp-content\/uploads\/2024\/12\/logo.png\" class=\"attachment-large size-large wp-image-201\" alt=\"\" \/>\t\t\t\t\t\t\t\t\t\t\t\t\t\t\t<\/div>\n\t\t\t\t<\/div>\n\t\t\t\t<div class=\"elementor-element elementor-element-44821a90 elementor-widget__width-initial elementor-widget elementor-widget-heading\" data-id=\"44821a90\" data-element_type=\"widget\" data-widget_type=\"heading.default\">\n\t\t\t\t<div class=\"elementor-widget-container\">\n\t\t\t\t\t<h2 class=\"elementor-heading-title elementor-size-default\">Expertise <br \/>\nIntegrity <br \/>\nResults<\/h2>\t\t\t\t<\/div>\n\t\t\t\t<\/div>\n\t\t\t\t\t<\/div>\n\t\t\t\t<\/div>\n\t\t\t\t<div class=\"elementor-element elementor-element-5a8e444a elementor-widget__width-initial elementor-absolute elementor-widget elementor-widget-image\" data-id=\"5a8e444a\" data-element_type=\"widget\" data-settings=\"{&quot;_position&quot;:&quot;absolute&quot;}\" data-widget_type=\"image.default\">\n\t\t\t\t<div class=\"elementor-widget-container\">\n\t\t\t\t\t\t\t\t\t\t\t\t\t\t\t<img loading=\"lazy\" decoding=\"async\" width=\"799\" height=\"533\" src=\"https:\/\/gestioninter-service.com\/wp-content\/uploads\/2025\/09\/nordwood-themes-q8U1YgBaRQk-unsplash-1.jpg\" class=\"attachment-full size-full wp-image-721\" alt=\"\" srcset=\"https:\/\/gestioninter-service.com\/wp-content\/uploads\/2025\/09\/nordwood-themes-q8U1YgBaRQk-unsplash-1.jpg 799w, https:\/\/gestioninter-service.com\/wp-content\/uploads\/2025\/09\/nordwood-themes-q8U1YgBaRQk-unsplash-1-300x200.jpg 300w, https:\/\/gestioninter-service.com\/wp-content\/uploads\/2025\/09\/nordwood-themes-q8U1YgBaRQk-unsplash-1-768x512.jpg 768w\" sizes=\"(max-width: 799px) 100vw, 799px\" \/>\t\t\t\t\t\t\t\t\t\t\t\t\t\t\t<\/div>\n\t\t\t\t<\/div>\n\t\t\t\t\t<\/div>\n\t\t<\/div>\n\t\t\t\t\t<\/div>\n\t\t<\/section>\n\t\t\t\t<\/div>","protected":false},"excerpt":{"rendered":"<p>Transport &amp; logistique Nous prenons en charge l\u2019ensemble des livraisons locales, que ce soit avant, pendant ou apr\u00e8s une r\u00e9paration ou une vente. Nous g\u00e9rons \u00e9galement la logistique des exp\u00e9ditions d\u2019\u00e9quipements partout au Canada \u00e0 la suite d\u2019une transaction. Notre d\u00e9partement logistique s\u2019assure toujours de trouver les meilleurs tarifs et solutions de transport pour vos [&hellip;]<\/p>","protected":false},"author":1,"featured_media":0,"parent":0,"menu_order":0,"comment_status":"closed","ping_status":"closed","template":"","meta":{"footnotes":""},"class_list":["post-1087","page","type-page","status-publish","hentry"],"_links":{"self":[{"href":"https:\/\/gestioninter-service.com\/en\/wp-json\/wp\/v2\/pages\/1087","targetHints":{"allow":["GET"]}}],"collection":[{"href":"https:\/\/gestioninter-service.com\/en\/wp-json\/wp\/v2\/pages"}],"about":[{"href":"https:\/\/gestioninter-service.com\/en\/wp-json\/wp\/v2\/types\/page"}],"author":[{"embeddable":true,"href":"https:\/\/gestioninter-service.com\/en\/wp-json\/wp\/v2\/users\/1"}],"replies":[{"embeddable":true,"href":"https:\/\/gestioninter-service.com\/en\/wp-json\/wp\/v2\/comments?post=1087"}],"version-history":[{"count":26,"href":"https:\/\/gestioninter-service.com\/en\/wp-json\/wp\/v2\/pages\/1087\/revisions"}],"predecessor-version":[{"id":1621,"href":"https:\/\/gestioninter-service.com\/en\/wp-json\/wp\/v2\/pages\/1087\/revisions\/1621"}],"wp:attachment":[{"href":"https:\/\/gestioninter-service.com\/en\/wp-json\/wp\/v2\/media?parent=1087"}],"curies":[{"name":"wp","href":"https:\/\/api.w.org\/{rel}","templated":true}]}}